{"id":15518,"date":"2024-05-21T07:45:27","date_gmt":"2024-05-21T07:45:27","guid":{"rendered":"https:\/\/cecasfundacio.cat\/?page_id=15518"},"modified":"2024-11-20T11:47:32","modified_gmt":"2024-11-20T11:47:32","slug":"principis-basics","status":"publish","type":"page","link":"https:\/\/cecasfundacio.cat\/es_es\/principis-basics","title":{"rendered":"Principios B\u00e1sicos"},"content":{"rendered":"<div data-elementor-type=\"wp-page\" data-elementor-id=\"15518\" class=\"elementor elementor-15518\">\n\t\t\t\t\t\t<section class=\"elementor-section elementor-top-section elementor-element elementor-element-45a632bf elementor-section-stretched elementor-section-content-middle elementor-section-boxed elementor-section-height-default elementor-section-height-default\" data-id=\"45a632bf\" data-element_type=\"section\" data-e-type=\"section\" data-settings=\"{&quot;stretch_section&quot;:&quot;section-stretched&quot;,&quot;background_background&quot;:&quot;classic&quot;}\">\n\t\t\t\t\t\t\t<div class=\"elementor-background-overlay\"><\/div>\n\t\t\t\t\t\t\t<div class=\"elementor-container elementor-column-gap-default\">\n\t\t\t\t\t<div class=\"elementor-column elementor-col-100 elementor-top-column elementor-element elementor-element-7ed7bcea\" data-id=\"7ed7bcea\" data-element_type=\"column\" data-e-type=\"column\">\n\t\t\t<div class=\"elementor-widget-wrap elementor-element-populated\">\n\t\t\t\t\t\t<div class=\"elementor-element elementor-element-414d14e elementor-widget elementor-widget-heading\" data-id=\"414d14e\" data-element_type=\"widget\" data-e-type=\"widget\" data-widget_type=\"heading.default\">\n\t\t\t\t<div class=\"elementor-widget-container\">\n\t\t\t\t\t<h2 class=\"elementor-heading-title elementor-size-default\">PRINCIPIOS B\u00c1SICOS<\/h2>\t\t\t\t<\/div>\n\t\t\t\t<\/div>\n\t\t\t\t\t<\/div>\n\t\t<\/div>\n\t\t\t\t\t<\/div>\n\t\t<\/section>\n\t\t<div class=\"elementor-element elementor-element-727b6da e-flex e-con-boxed e-con e-parent\" data-id=\"727b6da\" data-element_type=\"container\" data-e-type=\"container\">\n\t\t\t\t\t<div class=\"e-con-inner\">\n\t\t\t\t<div class=\"elementor-element elementor-element-dd5dafd elementor-widget elementor-widget-text-editor\" data-id=\"dd5dafd\" data-element_type=\"widget\" data-e-type=\"widget\" data-widget_type=\"text-editor.default\">\n\t\t\t\t<div class=\"elementor-widget-container\">\n\t\t\t\t\t\t\t\t\t<p>El programa terap\u00e9utico-educativo del CECAS, para la rehabilitaci\u00f3n y reinserci\u00f3n de personas con drogodependencia, tiene como finalidad <b>el desarrollo y el crecimiento de la persona<\/b>, para que alcance su autonom\u00eda y plenitud personal, despu\u00e9s de haber pasado por la dependencia de las drogas.<\/p><p>\u00a0<\/p><p>El CECAS considera la drogodependencia como un problema en el que confluyen m\u00faltiples causas, individuales, familiares y sociales. Considera al individuo el principal responsable de su recuperaci\u00f3n, pero tiene en cuenta su <b>entorno familiar y social<\/b>.<\/p><p>\u00a0<\/p><p>A partir de un enfoque bio-psico-social, que enmarca nuestra labor, se estructuran los modelos de intervenci\u00f3n que se consideran m\u00e1s adecuados para el tratamiento de cada caso.<\/p><p>\u00a0<\/p><p>La drogodependencia es causa de muchos conflictos, pero tambi\u00e9n es su consecuencia: b\u00e1sicamente es el resultado de dificultades en el proceso de maduraci\u00f3n personal. Por este motivo, nuestro modelo de intervenci\u00f3n considera a la persona globalmente, para favorecer su crecimiento personal <b>hasta llegar a la plena autonom\u00eda sin drogas<\/b>.<\/p><p>\u00a0<\/p><p>El CECAS ha escogido un modelo socio-sanitario de tratamiento, ya que pretendemos no s\u00f3lo deshabituar a la persona de la droga, sino tambi\u00e9n acompa\u00f1arla en su proceso de cambio<b> hasta lograr una vida aut\u00f3noma y responsable<\/b>.<\/p><p>\u00a0<\/p><p>Este proceso de rehabilitaci\u00f3n variar\u00e1 en funci\u00f3n de las posibilidades de cada persona y de cada grupo familiar; por tanto, el plan de intervenci\u00f3n tendr\u00e1 en cuenta a la persona y tambi\u00e9n a su familia y su entorno. El proceso terap\u00e9utico no es individual, sino que debe afectar a todo el entorno marcado por el problema de la drogodependencia.<\/p><p>\u00a0<\/p><p>Adem\u00e1s, si tenemos en cuenta la marginaci\u00f3n de los drogadictos y las exigencias de la sociedad en la que deben insertarse, el programa terap\u00e9utico deber\u00e1 ofrecer un <b>apoyo psicoterap\u00e9utico gradual y progresivo, para acompa\u00f1ar el proceso evolutivo del drogodependiente<\/b>, desde la demanda inicial hasta la reinserci\u00f3n.<\/p>\t\t\t\t\t\t\t\t<\/div>\n\t\t\t\t<\/div>\n\t\t\t\t\t<\/div>\n\t\t\t\t<\/div>\n\t\t<div class=\"elementor-element elementor-element-a597983 e-flex e-con-boxed e-con e-parent\" data-id=\"a597983\" data-element_type=\"container\" data-e-type=\"container\">\n\t\t\t\t\t<div class=\"e-con-inner\">\n\t\t\t\t<div class=\"elementor-element elementor-element-e2f7cac elementor-widget elementor-widget-spacer\" data-id=\"e2f7cac\" data-element_type=\"widget\" data-e-type=\"widget\" data-widget_type=\"spacer.default\">\n\t\t\t\t<div class=\"elementor-widget-container\">\n\t\t\t\t\t\t\t<div class=\"elementor-spacer\">\n\t\t\t<div class=\"elementor-spacer-inner\"><\/div>\n\t\t<\/div>\n\t\t\t\t\t\t<\/div>\n\t\t\t\t<\/div>\n\t\t\t\t\t<\/div>\n\t\t\t\t<\/div>\n\t\t\t\t<\/div>","protected":false},"excerpt":{"rendered":"<p>El programa terap\u00e9utico-educativo del CECAS, para la rehabilitaci\u00f3n y reinserci\u00f3n de personas con drogodependencia, tiene como finalidad <b>el desarrollo y el crecimiento de la persona<\/b>, para que alcance su autonom\u00eda y plenitud personal, despu\u00e9s de haber pasado por la dependencia de las drogas.<\/p>\n<p>\u00a0<\/p>\n<p>El CECAS considera la drogodependencia como un problema en el que confluyen m\u00faltiples causas, individuales, familiares y sociales. Considera al individuo el principal responsable de su recuperaci\u00f3n, pero tiene en cuenta su <b>entorno familiar y social<\/b>.<\/p>\n<p>\u00a0<\/p>\n<p>A partir de un enfoque bio-psico-social, que enmarca nuestra labor, se estructuran los modelos de intervenci\u00f3n que se consideran m\u00e1s adecuados para el tratamiento de cada caso.<\/p>\n<p>\u00a0<\/p>\n<p>La drogodependencia es causa de muchos conflictos, pero tambi\u00e9n es su consecuencia: b\u00e1sicamente es el resultado de dificultades en el proceso de maduraci\u00f3n personal. Por este motivo, nuestro modelo de intervenci\u00f3n considera a la persona globalmente, para favorecer su crecimiento personal <b>hasta llegar a la plena autonom\u00eda sin drogas<\/b>.<\/p>\n<p>\u00a0<\/p>\n<p>El CECAS ha escogido un modelo socio-sanitario de tratamiento, ya que pretendemos no s\u00f3lo deshabituar a la persona de la droga, sino tambi\u00e9n acompa\u00f1arla en su proceso de cambio<b> hasta lograr una vida aut\u00f3noma y responsable<\/b>.<\/p>\n<p>\u00a0<\/p>\n<p>Este proceso de rehabilitaci\u00f3n variar\u00e1 en funci\u00f3n de las posibilidades de cada persona y de cada grupo familiar; por tanto, el plan de intervenci\u00f3n tendr\u00e1 en cuenta a la persona y tambi\u00e9n a su familia y su entorno. El proceso terap\u00e9utico no es individual, sino que debe afectar a todo el entorno marcado por el problema de la drogodependencia.<\/p>\n<p>\u00a0<\/p>\n<p>Adem\u00e1s, si tenemos en cuenta la marginaci\u00f3n de los drogadictos y las exigencias de la sociedad en la que deben insertarse, el programa terap\u00e9utico deber\u00e1 ofrecer un <b>apoyo psicoterap\u00e9utico gradual y progresivo, para acompa\u00f1ar el proceso evolutivo del drogodependiente<\/b>, desde la demanda inicial hasta la reinserci\u00f3n.<\/p>","protected":false},"author":1,"featured_media":0,"parent":0,"menu_order":0,"comment_status":"closed","ping_status":"closed","template":"","meta":{"footnotes":""},"class_list":["post-15518","page","type-page","status-publish","hentry"],"rttpg_featured_image_url":null,"rttpg_author":{"display_name":"admin","author_link":"https:\/\/cecasfundacio.cat\/es_es\/blog\/author\/hostserver_sqm3tyyo"},"rttpg_comment":0,"rttpg_category":null,"rttpg_excerpt":"El programa terap\u00e8utic-educatiu del CECAS, per a la rehabilitaci\u00f3 i la reinserci\u00f3 de persones amb drogodepend\u00e8ncia, t\u00e9 com a finalitat el desenvolupament i el creixement de la persona, perqu\u00e8 assoleixi la seva autonomia i plenitud personal, despr\u00e9s d\u2019haver passat per la depend\u00e8ncia de les drogues. \u00a0 El CECAS considera la drogodepend\u00e8ncia com un problema en&hellip;","_links":{"self":[{"href":"https:\/\/cecasfundacio.cat\/es_es\/wp-json\/wp\/v2\/pages\/15518","targetHints":{"allow":["GET"]}}],"collection":[{"href":"https:\/\/cecasfundacio.cat\/es_es\/wp-json\/wp\/v2\/pages"}],"about":[{"href":"https:\/\/cecasfundacio.cat\/es_es\/wp-json\/wp\/v2\/types\/page"}],"author":[{"embeddable":true,"href":"https:\/\/cecasfundacio.cat\/es_es\/wp-json\/wp\/v2\/users\/1"}],"replies":[{"embeddable":true,"href":"https:\/\/cecasfundacio.cat\/es_es\/wp-json\/wp\/v2\/comments?post=15518"}],"version-history":[{"count":11,"href":"https:\/\/cecasfundacio.cat\/es_es\/wp-json\/wp\/v2\/pages\/15518\/revisions"}],"predecessor-version":[{"id":18286,"href":"https:\/\/cecasfundacio.cat\/es_es\/wp-json\/wp\/v2\/pages\/15518\/revisions\/18286"}],"wp:attachment":[{"href":"https:\/\/cecasfundacio.cat\/es_es\/wp-json\/wp\/v2\/media?parent=15518"}],"curies":[{"name":"wp","href":"https:\/\/api.w.org\/{rel}","templated":true}]}}