{"id":16326,"date":"2024-06-05T11:06:15","date_gmt":"2024-06-05T11:06:15","guid":{"rendered":"https:\/\/cecasfundacio.cat\/?page_id=16326"},"modified":"2024-09-25T09:48:06","modified_gmt":"2024-09-25T09:48:06","slug":"politica-de-privacitat-i-cookies","status":"publish","type":"page","link":"https:\/\/cecasfundacio.cat\/es_es\/politica-de-privacitat-i-cookies","title":{"rendered":"Pol\u00edtica de Privacitat i Cookies"},"content":{"rendered":"<div data-elementor-type=\"wp-page\" data-elementor-id=\"16326\" class=\"elementor elementor-16326\">\n\t\t\t\t\t\t<section class=\"elementor-section elementor-top-section elementor-element elementor-element-45a632bf elementor-section-stretched elementor-section-content-middle elementor-section-boxed elementor-section-height-default elementor-section-height-default\" data-id=\"45a632bf\" data-element_type=\"section\" data-e-type=\"section\" data-settings=\"{&quot;stretch_section&quot;:&quot;section-stretched&quot;,&quot;background_background&quot;:&quot;classic&quot;}\">\n\t\t\t\t\t\t\t<div class=\"elementor-background-overlay\"><\/div>\n\t\t\t\t\t\t\t<div class=\"elementor-container elementor-column-gap-default\">\n\t\t\t\t\t<div class=\"elementor-column elementor-col-100 elementor-top-column elementor-element elementor-element-7ed7bcea\" data-id=\"7ed7bcea\" data-element_type=\"column\" data-e-type=\"column\">\n\t\t\t<div class=\"elementor-widget-wrap elementor-element-populated\">\n\t\t\t\t\t\t<div class=\"elementor-element elementor-element-414d14e elementor-widget elementor-widget-heading\" data-id=\"414d14e\" data-element_type=\"widget\" data-e-type=\"widget\" data-widget_type=\"heading.default\">\n\t\t\t\t<div class=\"elementor-widget-container\">\n\t\t\t\t\t<h2 class=\"elementor-heading-title elementor-size-default\">POL\u00cdTICA DE PRIVACITAT I COOKIES<\/h2>\t\t\t\t<\/div>\n\t\t\t\t<\/div>\n\t\t\t\t\t<\/div>\n\t\t<\/div>\n\t\t\t\t\t<\/div>\n\t\t<\/section>\n\t\t<div class=\"elementor-element elementor-element-727b6da e-flex e-con-boxed e-con e-parent\" data-id=\"727b6da\" data-element_type=\"container\" data-e-type=\"container\">\n\t\t\t\t\t<div class=\"e-con-inner\">\n\t\t\t\t<div class=\"elementor-element elementor-element-dd5dafd elementor-widget elementor-widget-text-editor\" data-id=\"dd5dafd\" data-element_type=\"widget\" data-e-type=\"widget\" data-widget_type=\"text-editor.default\">\n\t\t\t\t<div class=\"elementor-widget-container\">\n\t\t\t\t\t\t\t\t\t<p><strong>Pol\u00edtica de Privacitat i Cookies<\/strong><\/p>\n<p><strong><br><\/strong><\/p>\n<p><\/p>\n<div class=\"entry\">\n<p>Les seves dades s\u2019incorporaran en un fitxer informatitzat del Centre Catal\u00e0 de Solidaritat amb la finalitat de mantenir-lo informat de les activitats del CECAS i respondre a la seva consulta. Aquest fitxer \u00e9s confidencial i d\u2019\u00fas exclusiu de CECAS.<\/p>\n<p><br><\/p>\n<p><\/p>\n<p>Si ho desitja, pot accedir, rectificar o cancel\u00b7lar les seves dades dirigint un escrit a:&nbsp;<span style=\"color: #279394;\"><a style=\"color: #279394;\" href=\"mailto:info@cecasfundacio.cat\">info@cecasfundacio.cat<\/a>&nbsp;<\/span>o al c\/Banys Nous, 16, 2on de Barcelona. A l\u2019enviar el formulari accepta aquestes condicions i les que apareixen a la nota legal.<\/p>\n<p><br><\/p>\n<p><\/p>\n<p><strong>Pol\u00edtica de Cookies<\/strong><\/p>\n<p><strong><br><\/strong><\/p>\n<p><\/p>\n<p>Les cookies s\u00f3n arxius que es poden descarregar en el seu equip a trav\u00e9s de les p\u00e0gines web. S\u00f3n eines que tenen un paper essencial per a la prestaci\u00f3 de nombrosos serveis de la societat de la informaci\u00f3. Entre d\u2019altres, permeten a una p\u00e0gina web emmagatzemar i recuperar informaci\u00f3 sobre els h\u00e0bits de navegaci\u00f3 d\u2019un usuari, d\u2019una usu\u00e0ria o del seu equip i, depenent de la informaci\u00f3 obtinguda, es poden utilitzar per recon\u00e8ixer l\u2019usuariat i millorar el servei ofert.<\/p>\n<p><br><\/p>\n<p><\/p>\n<p><strong>Tipus de cookies<\/strong><\/p>\n<p><strong><br><\/strong><\/p>\n<p><\/p>\n<p>En funci\u00f3 de quina sigui l\u2019entitat que gestioni el domini des d\u2019on s\u2019envien les cookies i tracti les dades que s\u2019obtinguin es poden distingir dos tipus de cookies:&nbsp;<strong>cookies pr\u00f2pies i cookies de tercers<\/strong>.<\/p>\n<p><br><\/p>\n<p><\/p>\n<p>Existeix tamb\u00e9 una segona classificaci\u00f3 segons el termini de temps que romanen emmagatzemades al navegador dela clientela, podent tractar-se de<strong>&nbsp;cookies de sessi\u00f3 o cookies persistents<\/strong>.<\/p>\n<p><br><\/p>\n<p><\/p>\n<p>Finalment, hi ha una altra classificaci\u00f3 amb cinc tipus de cookies segons la finalitat per a la qual es tractin les dades obtingudes:&nbsp;<strong>cookies t\u00e8cniques, cookies de personalitzaci\u00f3, cookies d\u2019an\u00e0lisi, cookiespublicit\u00e0ries i cookies de publicitat comportamental<\/strong>.<\/p>\n<p><br><\/p>\n<p><\/p>\n<p>Per a m\u00e9s informaci\u00f3 referent a aix\u00f2 pot consultar la&nbsp;<span style=\"color: #279394;\"><a style=\"color: #279394;\" href=\"http:\/\/www.agpd.es\/portalwebAGPD\/canaldocumentacion\/publicaciones\/common\/Guias\/Guia_Cookies.pdf\" target=\"_blank\" rel=\"noopener\">Guia sobre l\u2019\u00fas de les cookies de l\u2019Ag\u00e8ncia Espanyola de Protecci\u00f3 de Dades.<\/a><\/span><\/p>\n<p><br><\/p>\n<p><\/p>\n<p><strong>Cookies utilitzades al web<\/strong><\/p>\n<p><strong><br><\/strong><\/p>\n<p><\/p>\n<p>A continuaci\u00f3 s\u2019identifiquen les cookies que estan sent utilitzades en aquest portal aix\u00ed com la seva tipologia i funci\u00f3:<\/p>\n<p><br><\/p>\n<p><\/p>\n<p>La p\u00e0gina web utilitza Google Analytics, un servei d\u2019anal\u00edtica web desenvolupat per Google, que permet el mesurament i an\u00e0lisi de la navegaci\u00f3 a les p\u00e0gines web.<\/p>\n<p><br><\/p>\n<p><\/p>\n<p>En el seu navegador podr\u00e0 observar 4 cookies d\u2019aquest servei. Segons la tipologia anterior, es tracta de cookies pr\u00f2pies, de sessi\u00f3 i d\u2019an\u00e0lisi. Per a m\u00e9s informaci\u00f3 al respecte i inhabilitar l\u2019\u00fas d\u2019aquestes cookies visiti la p\u00e0gina seg\u00fcent:&nbsp; <a href=\"http:\/\/www.google.es\/intl\/ca\/policies\/technologies\/types\/\" target=\"_blank\" rel=\"noopener\"><span style=\"color: #279394;\">http:\/\/www.google.es\/intl\/ca\/policies\/technologies\/types\/<\/span><\/a>.<\/p>\n<p><br><\/p>\n<\/div>\n<div class=\"entry\">\n<p>A trav\u00e9s de l\u2019anal\u00edtica web s\u2019obt\u00e9 informaci\u00f3 relativa al nombre d\u2019usuaris\/\u00e0ries que accedeixen al web, el nombre de p\u00e0gines vistes, la freq\u00fc\u00e8ncia i repetici\u00f3 de les visites, la seva durada, el navegador utilitzat, l\u2019operador que presta el servei, l\u2019idioma, el terminal que utilitza, o la ciutat a la qual est\u00e0 assignada la seva adre\u00e7a IP. Informaci\u00f3 que possibilita un millor i m\u00e9s apropiat servei per part d\u2019aquest portal.<\/p>\n<p><br><\/p>\n<p><\/p>\n<p>Finalment, es descarrega una cookie de tipus t\u00e8cnic anomenada cookies_policy, pr\u00f2pia, de tipus t\u00e8cnic i de sessi\u00f3. Gestiona el consentiment per a l\u2019\u00fas de les cookies a la p\u00e0gina web, per tal de recordar a l\u2019usuariat que les ha acceptat i d\u2019aquell que no, de manera que als primers no se\u2019ls mostri informaci\u00f3 a la part inferior de la p\u00e0gina sobre aix\u00f2.<\/p>\n<p><br><\/p>\n<p><\/p>\n<p><strong>Acceptaci\u00f3 de la Pol\u00edtica de Cookies<\/strong><\/p>\n<p><strong><br><\/strong><\/p>\n<p><\/p>\n<p>El Centre Catal\u00e0 de Solidaritat (CECAS) assumeix que vost\u00e8 accepta l\u2019\u00fas de cookies. Tanmateix, el Centre Catal\u00e0 de Solidaritat (CECAS) mostra informaci\u00f3 sobre la seva Pol\u00edtica de Cookies a la part inferior de qualsevol p\u00e0gina del portal en cada inici de sessi\u00f3 amb l\u2019objectiu que vost\u00e8 en sigui conscient.<\/p>\n<p><br><\/p>\n<p><\/p>\n<p>Davant aquesta informaci\u00f3 \u00e9s possible dur a terme les seg\u00fcents accions:<\/p>\n<ul>\n<li>\n<p><strong>Acceptar cookies:&nbsp;<\/strong>no es tornar\u00e0 a visualitzar aquest av\u00eds en accedir a qualsevol p\u00e0gina del portal durant la present sessi\u00f3.<\/p>\n<\/li>\n<li>\n<p><strong>Rebutjar cookies:&nbsp;<\/strong>s\u2019oculta l\u2019av\u00eds a la present p\u00e0gina i es rebutja la cookie de seguiment de Google Analytics.<\/p>\n<\/li>\n<\/ul>\n<p><strong><br><\/strong><\/p>\n<p><strong>Com modificar la configuraci\u00f3 de les cookies<\/strong><\/p>\n<p><strong><br><\/strong><\/p>\n<p><\/p>\n<p>Vost\u00e8 pot restringir, bloquejar o esborrar les cookies de qualsevol p\u00e0gina web, utilitzant el seu navegador. A cada navegador l\u2019operativa \u00e9s diferent, la funci\u00f3 d\u2019<strong>Ajuda<\/strong>&nbsp;li mostrar\u00e0 com fer-ho.<\/p>\n<ul>\n<li>\n<p><span style=\"color: #279394;\"><a style=\"color: #279394;\" href=\"http:\/\/www.google.es\/intl\/ca\/policies\/technologies\/managing\/\" target=\"_blank\" rel=\"noopener\">Chrome<\/a><\/span><\/p>\n<\/li>\n<li>\n<p><span style=\"color: #279394;\"><a style=\"color: #279394;\" href=\"http:\/\/support.mozilla.org\/ca\/kb\/Galetes\" target=\"_blank\" rel=\"noopener\">Firefox<\/a><\/span><\/p>\n<\/li>\n<li>\n<p><a href=\"http:\/\/windows.microsoft.com\/es-es\/windows7\/how-to-manage-cookies-in-internet-explorer-9\" target=\"_blank\" rel=\"noopener\"><span style=\"color: #279394;\">Internet<\/span> Explorer<\/a>&nbsp;(Castell\u00e0)<\/p>\n<\/li>\n<li>\n<p><span style=\"color: #279394;\"><a style=\"color: #279394;\" href=\"http:\/\/support.apple.com\/kb\/ph5042\" target=\"_blank\" rel=\"noopener\">Safari<\/a><\/span>&nbsp;(Angl\u00e8s)<\/p>\n<\/li>\n<\/ul>\n<p><br><\/p><p>A m\u00e9s, tamb\u00e9 pot gestionar l\u2019emmagatzematge de&nbsp;<em>cookies<\/em>&nbsp;a trav\u00e9s d\u2019einescom les seg\u00fcents:<\/p>\n<p><\/p>\n<p><br><\/p><p>Ghostery:<span style=\"color: #279394;\">&nbsp;<a style=\"color: #279394;\" href=\"http:\/\/www.ghostery.com\/\" target=\"_blank\" rel=\"noopener\"><strong>www.ghostery.com\/<\/strong><\/a><\/span><br>Your online choices:<strong><span style=\"color: #279394;\">&nbsp;<a style=\"color: #279394;\" href=\"http:\/\/www.youronlinechoices.com\/es\/\" target=\"_blank\" rel=\"noopener\">www.youronlinechoices.com\/es\/<\/a><\/span><\/strong><\/p>\n<\/div>\t\t\t\t\t\t\t\t<\/div>\n\t\t\t\t<\/div>\n\t\t\t\t\t<\/div>\n\t\t\t\t<\/div>\n\t\t<div class=\"elementor-element elementor-element-a597983 e-flex e-con-boxed e-con e-parent\" data-id=\"a597983\" data-element_type=\"container\" data-e-type=\"container\">\n\t\t\t\t\t<div class=\"e-con-inner\">\n\t\t\t\t<div class=\"elementor-element elementor-element-e2f7cac elementor-widget elementor-widget-spacer\" data-id=\"e2f7cac\" data-element_type=\"widget\" data-e-type=\"widget\" data-widget_type=\"spacer.default\">\n\t\t\t\t<div class=\"elementor-widget-container\">\n\t\t\t\t\t\t\t<div class=\"elementor-spacer\">\n\t\t\t<div class=\"elementor-spacer-inner\"><\/div>\n\t\t<\/div>\n\t\t\t\t\t\t<\/div>\n\t\t\t\t<\/div>\n\t\t\t\t\t<\/div>\n\t\t\t\t<\/div>\n\t\t\t\t<\/div>","protected":false},"excerpt":{"rendered":"<p><strong>Pol\u00edtica de Privacitat i Cookies<\/strong><\/p>\n<p><strong><br \/><\/strong><\/p>\n<\/p>\n<p>Les seves dades s\u2019incorporaran en un fitxer informatitzat del Centre Catal\u00e0 de Solidaritat amb la finalitat de mantenir-lo informat de les activitats del CECAS i respondre a la seva consulta. Aquest fitxer \u00e9s confidencial i d\u2019\u00fas exclusiu de CECAS.<\/p>\n<p><\/p>\n<\/p>\n<p>Si ho desitja, pot accedir, rectificar o cancel\u00b7lar les seves dades dirigint un escrit a:&nbsp;<a style=\"color: #279394;\" href=\"mailto:info@cecasfundacio.cat\">info@cecasfundacio.cat<\/a>&nbsp;o al c\/Banys Nous, 16, 2on de Barcelona. A l\u2019enviar el formulari accepta aquestes condicions i les que apareixen a la nota legal.<\/p>\n<p><\/p>\n<\/p>\n<p><strong>Pol\u00edtica de Cookies<\/strong><\/p>\n<p><strong><br \/><\/strong><\/p>\n<\/p>\n<p>Les cookies s\u00f3n arxius que es poden descarregar en el seu equip a trav\u00e9s de les p\u00e0gines web. S\u00f3n eines que tenen un paper essencial per a la prestaci\u00f3 de nombrosos serveis de la societat de la informaci\u00f3. Entre d\u2019altres, permeten a una p\u00e0gina web emmagatzemar i recuperar informaci\u00f3 sobre els h\u00e0bits de navegaci\u00f3 d\u2019un usuari, d\u2019una usu\u00e0ria o del seu equip i, depenent de la informaci\u00f3 obtinguda, es poden utilitzar per recon\u00e8ixer l\u2019usuariat i millorar el servei ofert.<\/p>\n<p><\/p>\n<\/p>\n<p><strong>Tipus de cookies<\/strong><\/p>\n<p><strong><br \/><\/strong><\/p>\n<\/p>\n<p>En funci\u00f3 de quina sigui l\u2019entitat que gestioni el domini des d\u2019on s\u2019envien les cookies i tracti les dades que s\u2019obtinguin es poden distingir dos tipus de cookies:&nbsp;<strong>cookies pr\u00f2pies i cookies de tercers<\/strong>.<\/p>\n<p><\/p>\n<\/p>\n<p>Existeix tamb\u00e9 una segona classificaci\u00f3 segons el termini de temps que romanen emmagatzemades al navegador dela clientela, podent tractar-se de<strong>&nbsp;cookies de sessi\u00f3 o cookies persistents<\/strong>.<\/p>\n<p><\/p>\n<\/p>\n<p>Finalment, hi ha una altra classificaci\u00f3 amb cinc tipus de cookies segons la finalitat per a la qual es tractin les dades obtingudes:&nbsp;<strong>cookies t\u00e8cniques, cookies de personalitzaci\u00f3, cookies d\u2019an\u00e0lisi, cookiespublicit\u00e0ries i cookies de publicitat comportamental<\/strong>.<\/p>\n<p><\/p>\n<\/p>\n<p>Per a m\u00e9s informaci\u00f3 referent a aix\u00f2 pot consultar la&nbsp;<a style=\"color: #279394;\" href=\"http:\/\/www.agpd.es\/portalwebAGPD\/canaldocumentacion\/publicaciones\/common\/Guias\/Guia_Cookies.pdf\" target=\"_blank\" rel=\"noopener\">Guia sobre l\u2019\u00fas de les cookies de l\u2019Ag\u00e8ncia Espanyola de Protecci\u00f3 de Dades.<\/a><\/p>\n<p><\/p>\n<\/p>\n<p><strong>Cookies utilitzades al web<\/strong><\/p>\n<p><strong><br \/><\/strong><\/p>\n<\/p>\n<p>A continuaci\u00f3 s\u2019identifiquen les cookies que estan sent utilitzades en aquest portal aix\u00ed com la seva tipologia i funci\u00f3:<\/p>\n<p><\/p>\n<\/p>\n<p>La p\u00e0gina web utilitza Google Analytics, un servei d\u2019anal\u00edtica web desenvolupat per Google, que permet el mesurament i an\u00e0lisi de la navegaci\u00f3 a les p\u00e0gines web.<\/p>\n<p><\/p>\n<\/p>\n<p>En el seu navegador podr\u00e0 observar 4 cookies d\u2019aquest servei. Segons la tipologia anterior, es tracta de cookies pr\u00f2pies, de sessi\u00f3 i d\u2019an\u00e0lisi. Per a m\u00e9s informaci\u00f3 al respecte i inhabilitar l\u2019\u00fas d\u2019aquestes cookies visiti la p\u00e0gina seg\u00fcent:&nbsp; <a href=\"http:\/\/www.google.es\/intl\/ca\/policies\/technologies\/types\/\" target=\"_blank\" rel=\"noopener\">http:\/\/www.google.es\/intl\/ca\/policies\/technologies\/types\/<\/a>.<\/p>\n<p><\/p>\n<p>A trav\u00e9s de l\u2019anal\u00edtica web s\u2019obt\u00e9 informaci\u00f3 relativa al nombre d\u2019usuaris\/\u00e0ries que accedeixen al web, el nombre de p\u00e0gines vistes, la freq\u00fc\u00e8ncia i repetici\u00f3 de les visites, la seva durada, el navegador utilitzat, l\u2019operador que presta el servei, l\u2019idioma, el terminal que utilitza, o la ciutat a la qual est\u00e0 assignada la seva adre\u00e7a IP. Informaci\u00f3 que possibilita un millor i m\u00e9s apropiat servei per part d\u2019aquest portal.<\/p>\n<p><\/p>\n<\/p>\n<p>Finalment, es descarrega una cookie de tipus t\u00e8cnic anomenada cookies_policy, pr\u00f2pia, de tipus t\u00e8cnic i de sessi\u00f3. Gestiona el consentiment per a l\u2019\u00fas de les cookies a la p\u00e0gina web, per tal de recordar a l\u2019usuariat que les ha acceptat i d\u2019aquell que no, de manera que als primers no se\u2019ls mostri informaci\u00f3 a la part inferior de la p\u00e0gina sobre aix\u00f2.<\/p>\n<p><\/p>\n<\/p>\n<p><strong>Acceptaci\u00f3 de la Pol\u00edtica de Cookies<\/strong><\/p>\n<p><strong><br \/><\/strong><\/p>\n<\/p>\n<p>El Centre Catal\u00e0 de Solidaritat (CECAS) assumeix que vost\u00e8 accepta l\u2019\u00fas de cookies. Tanmateix, el Centre Catal\u00e0 de Solidaritat (CECAS) mostra informaci\u00f3 sobre la seva Pol\u00edtica de Cookies a la part inferior de qualsevol p\u00e0gina del portal en cada inici de sessi\u00f3 amb l\u2019objectiu que vost\u00e8 en sigui conscient.<\/p>\n<p><\/p>\n<\/p>\n<p>Davant aquesta informaci\u00f3 \u00e9s possible dur a terme les seg\u00fcents accions:<\/p>\n<p><strong>Acceptar cookies:&nbsp;<\/strong>no es tornar\u00e0 a visualitzar aquest av\u00eds en accedir a qualsevol p\u00e0gina del portal durant la present sessi\u00f3.<\/p>\n<p><strong>Rebutjar cookies:&nbsp;<\/strong>s\u2019oculta l\u2019av\u00eds a la present p\u00e0gina i es rebutja la cookie de seguiment de Google Analytics.<\/p>\n<p><strong><br \/><\/strong><\/p>\n<p><strong>Com modificar la configuraci\u00f3 de les cookies<\/strong><\/p>\n<p><strong><br \/><\/strong><\/p>\n<\/p>\n<p>Vost\u00e8 pot restringir, bloquejar o esborrar les cookies de qualsevol p\u00e0gina web, utilitzant el seu navegador. A cada navegador l\u2019operativa \u00e9s diferent, la funci\u00f3 d\u2019<strong>Ajuda<\/strong>&nbsp;li mostrar\u00e0 com fer-ho.<\/p>\n<p><a style=\"color: #279394;\" href=\"http:\/\/www.google.es\/intl\/ca\/policies\/technologies\/managing\/\" target=\"_blank\" rel=\"noopener\">Chrome<\/a><\/p>\n<p><a style=\"color: #279394;\" href=\"http:\/\/support.mozilla.org\/ca\/kb\/Galetes\" target=\"_blank\" rel=\"noopener\">Firefox<\/a><\/p>\n<p><a href=\"http:\/\/windows.microsoft.com\/es-es\/windows7\/how-to-manage-cookies-in-internet-explorer-9\" target=\"_blank\" rel=\"noopener\">Internet Explorer<\/a>&nbsp;(Castell\u00e0)<\/p>\n<p><a style=\"color: #279394;\" href=\"http:\/\/support.apple.com\/kb\/ph5042\" target=\"_blank\" rel=\"noopener\">Safari<\/a>&nbsp;(Angl\u00e8s)<\/p>\n<p><\/p>\n<p>A m\u00e9s, tamb\u00e9 pot gestionar l\u2019emmagatzematge de&nbsp;<em>cookies<\/em>&nbsp;a trav\u00e9s d\u2019einescom les seg\u00fcents:<\/p>\n<\/p>\n<p><\/p>\n<p>Ghostery:&nbsp;<a style=\"color: #279394;\" href=\"http:\/\/www.ghostery.com\/\" target=\"_blank\" rel=\"noopener\"><strong>www.ghostery.com\/<\/strong><\/a><br \/>Your online choices:<strong>&nbsp;<a style=\"color: #279394;\" href=\"http:\/\/www.youronlinechoices.com\/es\/\" target=\"_blank\" rel=\"noopener\">www.youronlinechoices.com\/es\/<\/a><\/strong><\/p>","protected":false},"author":1,"featured_media":0,"parent":0,"menu_order":0,"comment_status":"closed","ping_status":"closed","template":"","meta":{"footnotes":""},"class_list":["post-16326","page","type-page","status-publish","hentry"],"rttpg_featured_image_url":null,"rttpg_author":{"display_name":"admin","author_link":"https:\/\/cecasfundacio.cat\/es_es\/blog\/author\/hostserver_sqm3tyyo"},"rttpg_comment":0,"rttpg_category":null,"rttpg_excerpt":"Pol\u00edtica de Privacitat i Cookies Les seves dades s\u2019incorporaran en un fitxer informatitzat del Centre Catal\u00e0 de Solidaritat amb la finalitat de mantenir-lo informat de les activitats del CECAS i respondre a la seva consulta. Aquest fitxer \u00e9s confidencial i d\u2019\u00fas exclusiu de CECAS. Si ho desitja, pot accedir, rectificar o cancel\u00b7lar les seves dades&hellip;","_links":{"self":[{"href":"https:\/\/cecasfundacio.cat\/es_es\/wp-json\/wp\/v2\/pages\/16326","targetHints":{"allow":["GET"]}}],"collection":[{"href":"https:\/\/cecasfundacio.cat\/es_es\/wp-json\/wp\/v2\/pages"}],"about":[{"href":"https:\/\/cecasfundacio.cat\/es_es\/wp-json\/wp\/v2\/types\/page"}],"author":[{"embeddable":true,"href":"https:\/\/cecasfundacio.cat\/es_es\/wp-json\/wp\/v2\/users\/1"}],"replies":[{"embeddable":true,"href":"https:\/\/cecasfundacio.cat\/es_es\/wp-json\/wp\/v2\/comments?post=16326"}],"version-history":[{"count":19,"href":"https:\/\/cecasfundacio.cat\/es_es\/wp-json\/wp\/v2\/pages\/16326\/revisions"}],"predecessor-version":[{"id":17328,"href":"https:\/\/cecasfundacio.cat\/es_es\/wp-json\/wp\/v2\/pages\/16326\/revisions\/17328"}],"wp:attachment":[{"href":"https:\/\/cecasfundacio.cat\/es_es\/wp-json\/wp\/v2\/media?parent=16326"}],"curies":[{"name":"wp","href":"https:\/\/api.w.org\/{rel}","templated":true}]}}