{"id":16869,"date":"2024-06-28T10:27:20","date_gmt":"2024-06-28T10:27:20","guid":{"rendered":"https:\/\/cecasfundacio.cat\/?page_id=16869"},"modified":"2024-06-28T12:08:50","modified_gmt":"2024-06-28T12:08:50","slug":"politica-de-cookies","status":"publish","type":"page","link":"https:\/\/cecasfundacio.cat\/es_es\/politica-de-cookies","title":{"rendered":"Pol\u00edtica de Cookies"},"content":{"rendered":"<div data-elementor-type=\"wp-page\" data-elementor-id=\"16869\" class=\"elementor elementor-16869\">\n\t\t\t\t\t\t<section class=\"elementor-section elementor-top-section elementor-element elementor-element-45a632bf elementor-section-stretched elementor-section-content-middle elementor-section-boxed elementor-section-height-default elementor-section-height-default\" data-id=\"45a632bf\" data-element_type=\"section\" data-e-type=\"section\" data-settings=\"{&quot;stretch_section&quot;:&quot;section-stretched&quot;,&quot;background_background&quot;:&quot;classic&quot;}\">\n\t\t\t\t\t\t\t<div class=\"elementor-background-overlay\"><\/div>\n\t\t\t\t\t\t\t<div class=\"elementor-container elementor-column-gap-default\">\n\t\t\t\t\t<div class=\"elementor-column elementor-col-100 elementor-top-column elementor-element elementor-element-7ed7bcea\" data-id=\"7ed7bcea\" data-element_type=\"column\" data-e-type=\"column\">\n\t\t\t<div class=\"elementor-widget-wrap elementor-element-populated\">\n\t\t\t\t\t\t<div class=\"elementor-element elementor-element-414d14e elementor-widget elementor-widget-heading\" data-id=\"414d14e\" data-element_type=\"widget\" data-e-type=\"widget\" data-widget_type=\"heading.default\">\n\t\t\t\t<div class=\"elementor-widget-container\">\n\t\t\t\t\t<h2 class=\"elementor-heading-title elementor-size-default\">POL\u00cdTICA DE COOKIES<\/h2>\t\t\t\t<\/div>\n\t\t\t\t<\/div>\n\t\t\t\t\t<\/div>\n\t\t<\/div>\n\t\t\t\t\t<\/div>\n\t\t<\/section>\n\t\t<div class=\"elementor-element elementor-element-727b6da e-flex e-con-boxed e-con e-parent\" data-id=\"727b6da\" data-element_type=\"container\" data-e-type=\"container\">\n\t\t\t\t\t<div class=\"e-con-inner\">\n\t\t\t\t<div class=\"elementor-element elementor-element-dd5dafd elementor-widget elementor-widget-text-editor\" data-id=\"dd5dafd\" data-element_type=\"widget\" data-e-type=\"widget\" data-widget_type=\"text-editor.default\">\n\t\t\t\t<div class=\"elementor-widget-container\">\n\t\t\t\t\t\t\t\t\t<p><a href=\"#_ftn1\" name=\"_ftnref1\"><\/a><\/p><p>Esta pol\u00edtica de cookies se elabora en el cumplimiento de las obligaciones previstas en el art\u00edculo 22.2 de la Ley 34\/2002, de 11 de julio, de servicios de la sociedad de la informaci\u00f3n y de comercio electr\u00f3nico (en adelante, LSSI), en relaci\u00f3n con el Reglamento General de Protecci\u00f3n de Datos (RGPD) y la Ley Org\u00e1nica 3\/2018, de 5 de diciembre, de protecci\u00f3n de datos y garant\u00eda de los derechos digitales (LOPDGDD), con motivo de la revisi\u00f3n del Comit\u00e9 Europeo de Protecci\u00f3n de Datos (CEPD) en mayo de 2020 en las Directrices 05\/2020 sobre consentimiento.<\/p><p>\u00a0<\/p><p><a href=\"#_ftn1\" name=\"_ftnref1\"><\/a><\/p><p><strong>1. DEFINICI\u00d3N Y FUNCI\u00d3N DE LAS COOKIES<\/strong><\/p><p>\u00a0<\/p><p>Una cookie es cualquier tipo de dispositivo de almacenamiento y recuperaci\u00f3n de datos que se utilice en el equipo terminal de un usuario con el fin de almacenar informaci\u00f3n y recuperar la informaci\u00f3n ya almacenada.<\/p><p>Para la utilizaci\u00f3n de esta web se utilizan cookies. Las cookies que se puedan utilizar se asocian \u00fanicamente con el navegador de un ordenador o dispositivo determinado (un usuario an\u00f3nimo), y no proporcionan por s\u00ed mismas ning\u00fan dato personal del usuario. Se pueden utilizar los siguientes tipos de cookies, agrupadas para su finalidad:<\/p><ul><li><strong>Cookies t\u00e9cnicas: <\/strong>permiten al usuario la navegaci\u00f3n a trav\u00e9s de la p\u00e1gina web y la utilizaci\u00f3n de las diferentes opciones o servicios existentes en ella; por ejemplo, controlar el tr\u00e1fico y la comunicaci\u00f3n de datos, identificar la sesi\u00f3n, acceder a partes de acceso restringido, recordar los elementos que integran un pedido, realizar el proceso de compra de un pedido, realizar la solicitud de inscripci\u00f3n o participaci\u00f3n en un evento, utilizar elementos de seguridad durante la navegaci\u00f3n o almacenar, difundir y\/o compartir contenidos. Estas cookies son necesarias para el funcionamiento del servicio ofrecido.<\/li><\/ul><ul><li><strong>Cookies de preferencias o personalizaci\u00f3n:<\/strong> permiten recordar informaci\u00f3n para que el usuario acceda al servicio con determinadas caracter\u00edsticas que pueden diferenciar su experiencia de la de otros usuarios; por ejemplo, el idioma, el n\u00famero de resultados a mostrar cuando el usuario realiza una b\u00fasqueda, aspecto o contenido del servicio en funci\u00f3n del tipo de navegador a trav\u00e9s del cual el usuario accede al servicio o de la regi\u00f3n desde la que se accede al servicio, etc.<\/li><\/ul><p style=\"padding-left: 40px;\">Si es el propio usuario quien elige estas caracter\u00edsticas, las cookies de preferencias estar\u00e1n exceptuadas de las obligaciones del art\u00edculo 22.2 de la LSSI por considerarse un servicio expresamente solicitado por el usuario, y esto siempre que las cookies obedezcan exclusivamente a la finalidad seleccionada.<\/p><ul><li><strong>Cookies de an\u00e1lisis o medici\u00f3n:<\/strong> permiten cuantificar el n\u00famero de usuarios y as\u00ed realizar la medici\u00f3n y an\u00e1lisis estad\u00edstico de la utilizaci\u00f3n y actividad que realizan los usuarios de nuestra p\u00e1gina web, as\u00ed como elaborar de perfiles de navegaci\u00f3n de los usuarios en estas p\u00e1ginas y en nuestras aplicaciones, todo ello con el fin de introducir mejoras.<\/li><\/ul><ul><li><strong>Cookies de publicidad comportamental:<\/strong> almacenan informaci\u00f3n del comportamiento de los usuarios obtenida a trav\u00e9s de la observaci\u00f3n continuada de sus h\u00e1bitos de navegaci\u00f3n, lo que permite desarrollar un perfil espec\u00edfico para mostrar publicidad en funci\u00f3n de la misma.<br \/>Las cookies propias son las creadas o gestionadas por el responsable de la p\u00e1gina web. Las cookies de terceros son las administradas por prestadores de servicios t\u00e9cnicos, de an\u00e1lisis, redes sociales, de personalizaci\u00f3n y de publicidad (incluida publicidad comportamental) ajenos al responsable de la p\u00e1gina web.<\/li><\/ul><p><a href=\"#_ftn1\" name=\"_ftnref1\"><\/a><\/p><p>\u00a0<\/p><p><strong>2. TIPO DE COOKIES UTILIZADAS<\/strong><\/p><p>\u00a0<\/p><p>Las cookies utilizadas en esta p\u00e1gina web y su finalidad se detallan a continuaci\u00f3n (<em>Acompa\u00f1o un modelo del cuadro informativo<\/em>):<\/p><p>\u00a0<\/p><table class=\"table_component_cookies\"><tbody><tr><td width=\"76\"><strong>Cookie<\/strong><\/td><td width=\"65\"><strong>Titular<\/strong><\/td><td width=\"68\"><strong>Duraci\u00f3n<\/strong><\/td><td width=\"114\"><strong>Categor\u00eda<\/strong><\/td><td width=\"151\"><strong>Finalidad<\/strong><\/td><td width=\"296\"><strong>Pol\u00edtica privacidad del titular<\/strong><\/td><\/tr><tr><td width=\"76\">_ ga<\/td><td width=\"65\">Google<\/td><td width=\"68\">2 a\u00f1os<\/td><td width=\"114\">Cookie de an\u00e1lisis<\/td><td width=\"151\">Para distinguir a los usuarios.<\/td><td width=\"296\"><span style=\"color: #279394;\"><a style=\"color: #279394;\" href=\"https:\/\/policies.google.com\/technologies\/cookies?hl=es&amp;fg=1\">https:\/\/policies.google.com\/technologies\/cookies?hl=es&amp;fg=1<\/a><\/span><\/td><\/tr><tr><td width=\"76\">_gat<\/td><td width=\"65\">Google<\/td><td width=\"68\">1 minuto<\/td><td width=\"114\">Cookie de an\u00e1lisis<\/td><td width=\"151\">Para distinguir a los usuarios.<\/td><td width=\"296\"><span style=\"color: #279394;\"><a style=\"color: #279394;\" href=\"https:\/\/policies.google.com\/technologies\/cookies?hl=es&amp;fg=1\">https:\/\/policies.google.com\/technologies\/cookies?hl=es&amp;fg=1<\/a><\/span><\/td><\/tr><tr><td width=\"76\">_gid<\/td><td width=\"65\">Google<\/td><td width=\"68\">24 horas<\/td><td width=\"114\">Cookie de an\u00e1lisis<\/td><td width=\"151\">Para distinguir a los usuarios.<\/td><td width=\"296\"><span style=\"color: #279394;\"><a style=\"color: #279394;\" href=\"https:\/\/policies.google.com\/technologies\/cookies?hl=es&amp;fg=1\">https:\/\/policies.google.com\/technologies\/cookies?hl=es&amp;fg=1<\/a><\/span><\/td><\/tr><\/tbody><\/table><p>\u00a0<\/p><div><div>\u00a0<\/div><div><strong>3. CONFIGURAR COOKIES<\/strong><\/div><\/div><div>\u00a0<\/div><div><div><p>\u00a0<\/p><table class=\"table_component_cookies\"><tbody><tr><td width=\"80\"><strong>COOKIE<\/strong><\/td><td width=\"80\"><strong>ACEPTO<\/strong><\/td><td width=\"132\"><strong>NO ACEPTO<\/strong><\/td><\/tr><tr><td width=\"80\">\u00a0<\/td><td width=\"80\">\u00a0<\/td><td width=\"132\">\u00a0<\/td><\/tr><tr><td width=\"80\">\u00a0<\/td><td width=\"80\">\u00a0<\/td><td width=\"132\">\u00a0<\/td><\/tr><tr><td width=\"80\">\u00a0<\/td><td width=\"80\">\u00a0<\/td><td width=\"132\">\u00a0<\/td><\/tr><tr><td width=\"80\">\u00a0<\/td><td width=\"80\">\u00a0<\/td><td width=\"132\">\u00a0<\/td><\/tr><tr><td width=\"80\">\u00a0<\/td><td width=\"80\">\u00a0<\/td><td width=\"132\">\u00a0<\/td><\/tr><\/tbody><\/table><\/div><\/div><div>\u00a0<\/div><div><img decoding=\"async\" class=\"alignnone size-medium wp-image-16910 aligncenter\" src=\"https:\/\/cecasfundacio.cat\/wp-content\/uploads\/2024\/06\/bton-300x48.png\" alt=\"\" width=\"300\" height=\"48\" srcset=\"https:\/\/cecasfundacio.cat\/wp-content\/uploads\/2024\/06\/bton-300x48.png 300w, https:\/\/cecasfundacio.cat\/wp-content\/uploads\/2024\/06\/bton.png 642w\" sizes=\"(max-width: 300px) 100vw, 300px\" \/><\/div><div><div>\u00a0<\/div><div>Esta p\u00e1gina web contiene enlaces a p\u00e1ginas web de terceros cuyas pol\u00edticas de privacidad son ajenas al titular de esta web. Al acceder a estas p\u00e1ginas web usted puede decidir si acepta sus pol\u00edticas de privacidad y de cookies (<em>Si tiene enlaces a otras p\u00e1ginas<\/em>).<\/div><div>\u00a0<\/div><\/div><div><p><strong>3.1 DESACTIVAR O ELIMINAR COOKIES<\/strong><\/p><p><br \/>El usuario tiene la posibilidad de configurar su navegador para ser avisado en pantalla de la recepci\u00f3n de cookies y para evitar su instalaci\u00f3n en su disco duro. Todos los navegadores permiten realizar cambios para desactivar la configuraci\u00f3n de las cookies. Estos ajustes se encuentran ubicados en las opciones o preferencias del men\u00fa de su navegador. A continuaci\u00f3n, podr\u00e1 encontrar los links de cada navegador para desactivar las cookies siguiendo las instrucciones:<\/p><ul><li><strong>Explorer:<\/strong> <a href=\"https:\/\/support.microsoft.com\/es-es\/help\/17442\/windows-internet-explorer-delete-manage-cookies\"><span style=\"color: #279394;\">https:\/\/support.microsoft.com\/es-es\/help\/17442\/windows-internet-explorer-delete-manage-cookies<\/span><\/a><\/li><li><strong>Firefox:<\/strong> <a href=\"http:\/\/goo.gl\/F5pHX\"><span style=\"color: #279394;\">http:\/\/goo.gl\/F5pHX<\/span><\/a><\/li><li><strong>Chrome:<\/strong> <a href=\"http:\/\/support.google.com\/chrome\/bin\/answer.py?hl=es&amp;answer=95647\"><span style=\"color: #279394;\">http:\/\/support.google.com\/chrome\/bin\/answer.py?hl=es&amp;answer=95647<\/span><\/a><\/li><li><strong>Google:<\/strong> <a href=\"https:\/\/tools.google.com\/dlpage\/gaoptout?hl=es\"><span style=\"color: #279394;\">https:\/\/tools.google.com\/dlpage\/gaoptout?hl=es<\/span><\/a><\/li><li><strong>Safari:<\/strong> <a href=\"http:\/\/support.apple.com\/kb\/ph5042\"><span style=\"color: #279394;\">http:\/\/support.apple.com\/kb\/ph5042<\/span><\/a><\/li><li><strong>Opera:<\/strong> <a href=\"http:\/\/www.opera.com\/help\/tutorials\/security\/privacy\/\"><span style=\"color: #279394;\">http:\/\/www.opera.com\/help\/tutorials\/security\/privacy\/<\/span><\/a><\/li><\/ul><p><br \/>Sin embargo, le informamos que existe la posibilidad de que la desactivaci\u00f3n de alguna cookie impida o dificulte la navegaci\u00f3n o la prestaci\u00f3n de los servicios ofrecidos en esta web.<\/p><p>\u00a0<\/p><p><strong>4. TRANSFERENCIAS INTERNACIONALES<\/strong><\/p><p><br \/>Puede informarse de las transferencias a terceros pa\u00edses que, en su caso, realizan los terceros identificados en esta pol\u00edtica de cookies en sus correspondientes pol\u00edticas:<\/p><ul><li><strong>Google:<\/strong> <span style=\"color: #279394;\"><a style=\"color: #279394;\" href=\"https:\/\/policies.google.com\/privacy?hl=es\">https:\/\/policies.google.com\/privacy?hl=es<\/a> <span style=\"color: #5c5c5c;\">(<em>Por ejemplo, si utiliza cookies gestionadas por Google<\/em>)<\/span><\/span><\/li><\/ul><p>\u00a0<\/p><p><strong>5. DECISIONES AUTOMATIZADAS<\/strong><\/p><p><br \/>Estas cookies no se utilizan para la elaboraci\u00f3n de perfiles que impliquen una toma de decisiones automatizadas que puedan acarrear efectos jur\u00eddicos para el usuario.<\/p><p>\u00a0<\/p><p><strong>6. PERIODO DE CONSERVACI\u00d3N<\/strong><\/p><p>\u00a0<\/p><\/div><p>Los datos personales obtenidos a partir del uso de las cookies ser\u00e1n conservados durante el plazo indicado en la columna descriptiva \u201cDuraci\u00f3n\u201d y, una vez finalizado este plazo, durante los plazos de prescripci\u00f3n legales aplicables seg\u00fan las diferentes finalidades. Transcurrido el plazo de prescripci\u00f3n, sus datos ser\u00e1n suprimidos.<\/p><p>\u00a0<\/p><p><strong>7. M\u00c1S INFORMACI\u00d3N<\/strong><\/p><p>\u00a0<\/p><p>Para m\u00e1s informaci\u00f3n sobre el tratamiento de sus datos puede consultar la nuestra <a href=\"https:\/\/cecasfundacio.cat\/es_es\/politica-de-privacitat\/\"><span style=\"color: #279394;\"><u>Pol\u00edtica de privacidad<\/u><\/span><\/a>.<\/p><p>Si tuviera alguna duda, comentario o sugerencia sobre la Pol\u00edtica de Cookies, puede dirigirse por escrito a la direcci\u00f3n de correo electr\u00f3nico (<em>Correo del inform\u00e1tico<\/em>).<\/p>\t\t\t\t\t\t\t\t<\/div>\n\t\t\t\t<\/div>\n\t\t\t\t\t<\/div>\n\t\t\t\t<\/div>\n\t\t<div class=\"elementor-element elementor-element-a597983 e-flex e-con-boxed e-con e-parent\" data-id=\"a597983\" data-element_type=\"container\" data-e-type=\"container\">\n\t\t\t\t\t<div class=\"e-con-inner\">\n\t\t\t\t<div class=\"elementor-element elementor-element-e2f7cac elementor-widget elementor-widget-spacer\" data-id=\"e2f7cac\" data-element_type=\"widget\" data-e-type=\"widget\" data-widget_type=\"spacer.default\">\n\t\t\t\t<div class=\"elementor-widget-container\">\n\t\t\t\t\t\t\t<div class=\"elementor-spacer\">\n\t\t\t<div class=\"elementor-spacer-inner\"><\/div>\n\t\t<\/div>\n\t\t\t\t\t\t<\/div>\n\t\t\t\t<\/div>\n\t\t\t\t\t<\/div>\n\t\t\t\t<\/div>\n\t\t\t\t<\/div>","protected":false},"excerpt":{"rendered":"<p><a href=\"#_ftn1\" name=\"_ftnref1\"><\/a><\/p>\n<p>Esta pol\u00edtica de cookies se elabora en el cumplimiento de las obligaciones previstas en el art\u00edculo 22.2 de la Ley 34\/2002, de 11 de julio, de servicios de la sociedad de la informaci\u00f3n y de comercio electr\u00f3nico (en adelante, LSSI), en relaci\u00f3n con el Reglamento General de Protecci\u00f3n de Datos (RGPD) y la Ley Org\u00e1nica 3\/2018, de 5 de diciembre, de protecci\u00f3n de datos y garant\u00eda de los derechos digitales (LOPDGDD), con motivo de la revisi\u00f3n del Comit\u00e9 Europeo de Protecci\u00f3n de Datos (CEPD) en mayo de 2020 en las Directrices 05\/2020 sobre consentimiento.<\/p>\n<p>\u00a0<\/p>\n<p><a href=\"#_ftn1\" name=\"_ftnref1\"><\/a><\/p>\n<p><strong>1. DEFINICI\u00d3N Y FUNCI\u00d3N DE LAS COOKIES<\/strong><\/p>\n<p>\u00a0<\/p>\n<p>Una cookie es cualquier tipo de dispositivo de almacenamiento y recuperaci\u00f3n de datos que se utilice en el equipo terminal de un usuario con el fin de almacenar informaci\u00f3n y recuperar la informaci\u00f3n ya almacenada.<\/p>\n<p>Para la utilizaci\u00f3n de esta web se utilizan cookies. Las cookies que se puedan utilizar se asocian \u00fanicamente con el navegador de un ordenador o dispositivo determinado (un usuario an\u00f3nimo), y no proporcionan por s\u00ed mismas ning\u00fan dato personal del usuario. Se pueden utilizar los siguientes tipos de cookies, agrupadas para su finalidad:<\/p>\n<p><a href=\"#_ftn1\" name=\"_ftnref1\"><\/a><\/p>\n<p>\u00a0<\/p>\n<p><strong>2. TIPO DE COOKIES UTILIZADAS<\/strong><\/p>\n<p>\u00a0<\/p>\n<p>Las cookies utilizadas en esta p\u00e1gina web y su finalidad se detallan a continuaci\u00f3n (<em>Acompa\u00f1o un modelo del cuadro informativo<\/em>):<\/p>\n<p>\u00a0<\/p>\n<p>\u00a0<\/p>\n<p>\u00a0<\/p>\n<p><strong>3.1 DESACTIVAR O ELIMINAR COOKIES<\/strong><\/p>\n<p>El usuario tiene la posibilidad de configurar su navegador para ser avisado en pantalla de la recepci\u00f3n de cookies y para evitar su instalaci\u00f3n en su disco duro. Todos los navegadores permiten realizar cambios para desactivar la configuraci\u00f3n de las cookies. Estos ajustes se encuentran ubicados en las opciones o preferencias del men\u00fa de su navegador. A continuaci\u00f3n, podr\u00e1 encontrar los links de cada navegador para desactivar las cookies siguiendo las instrucciones:<\/p>\n<p>Sin embargo, le informamos que existe la posibilidad de que la desactivaci\u00f3n de alguna cookie impida o dificulte la navegaci\u00f3n o la prestaci\u00f3n de los servicios ofrecidos en esta web.<\/p>\n<p>\u00a0<\/p>\n<p><strong>4. TRANSFERENCIAS INTERNACIONALES<\/strong><\/p>\n<p>Puede informarse de las transferencias a terceros pa\u00edses que, en su caso, realizan los terceros identificados en esta pol\u00edtica de cookies en sus correspondientes pol\u00edticas:<\/p>\n<p>\u00a0<\/p>\n<p><strong>5. DECISIONES AUTOMATIZADAS<\/strong><\/p>\n<p>Estas cookies no se utilizan para la elaboraci\u00f3n de perfiles que impliquen una toma de decisiones automatizadas que puedan acarrear efectos jur\u00eddicos para el usuario.<\/p>\n<p>\u00a0<\/p>\n<p><strong>6. PERIODO DE CONSERVACI\u00d3N<\/strong><\/p>\n<p>\u00a0<\/p>\n<p>Los datos personales obtenidos a partir del uso de las cookies ser\u00e1n conservados durante el plazo indicado en la columna descriptiva \u201cDuraci\u00f3n\u201d y, una vez finalizado este plazo, durante los plazos de prescripci\u00f3n legales aplicables seg\u00fan las diferentes finalidades. Transcurrido el plazo de prescripci\u00f3n, sus datos ser\u00e1n suprimidos.<\/p>\n<p>\u00a0<\/p>\n<p><strong>7. M\u00c1S INFORMACI\u00d3N<\/strong><\/p>\n<p>\u00a0<\/p>\n<p>Para m\u00e1s informaci\u00f3n sobre el tratamiento de sus datos puede consultar la nuestra <a href=\"https:\/\/cecasfundacio.cat\/es_es\/politica-de-privacitat\/\"><u>Pol\u00edtica de privacidad<\/u><\/a>.<\/p>\n<p>Si tuviera alguna duda, comentario o sugerencia sobre la Pol\u00edtica de Cookies, puede dirigirse por escrito a la direcci\u00f3n de correo electr\u00f3nico (<em>Correo del inform\u00e1tico<\/em>).<\/p>","protected":false},"author":1,"featured_media":0,"parent":0,"menu_order":0,"comment_status":"closed","ping_status":"closed","template":"","meta":{"footnotes":""},"class_list":["post-16869","page","type-page","status-publish","hentry"],"rttpg_featured_image_url":null,"rttpg_author":{"display_name":"admin","author_link":"https:\/\/cecasfundacio.cat\/es_es\/blog\/author\/hostserver_sqm3tyyo"},"rttpg_comment":0,"rttpg_category":null,"rttpg_excerpt":"Aquesta pol\u00edtica de cookies s'elabora en el compliment de les obligacions previstes a l'article 22.2 de la Llei 34\/2002, de 11 de juliol, de serveis de la societat de la informaci\u00f3 i de comer\u00e7 electr\u00f2nic (en endavant, LSSI), en relaci\u00f3 amb el Reglament General de Protecci\u00f3 de Dades (RGPD) i la Llei Org\u00e0nica 3\/2018, de&hellip;","_links":{"self":[{"href":"https:\/\/cecasfundacio.cat\/es_es\/wp-json\/wp\/v2\/pages\/16869","targetHints":{"allow":["GET"]}}],"collection":[{"href":"https:\/\/cecasfundacio.cat\/es_es\/wp-json\/wp\/v2\/pages"}],"about":[{"href":"https:\/\/cecasfundacio.cat\/es_es\/wp-json\/wp\/v2\/types\/page"}],"author":[{"embeddable":true,"href":"https:\/\/cecasfundacio.cat\/es_es\/wp-json\/wp\/v2\/users\/1"}],"replies":[{"embeddable":true,"href":"https:\/\/cecasfundacio.cat\/es_es\/wp-json\/wp\/v2\/comments?post=16869"}],"version-history":[{"count":37,"href":"https:\/\/cecasfundacio.cat\/es_es\/wp-json\/wp\/v2\/pages\/16869\/revisions"}],"predecessor-version":[{"id":16917,"href":"https:\/\/cecasfundacio.cat\/es_es\/wp-json\/wp\/v2\/pages\/16869\/revisions\/16917"}],"wp:attachment":[{"href":"https:\/\/cecasfundacio.cat\/es_es\/wp-json\/wp\/v2\/media?parent=16869"}],"curies":[{"name":"wp","href":"https:\/\/api.w.org\/{rel}","templated":true}]}}